{"id":36,"date":"2021-05-27T19:54:48","date_gmt":"2021-05-27T19:54:48","guid":{"rendered":"http:\/\/sergioaraya.samtecno.cl\/?page_id=36"},"modified":"2021-05-28T16:15:09","modified_gmt":"2021-05-28T16:15:09","slug":"acerca-de","status":"publish","type":"page","link":"https:\/\/sergioaraya.cl\/index.php\/acerca-de\/","title":{"rendered":"Acerca de"},"content":{"rendered":"\n<h3 class=\"wp-block-heading\">SERGIO ARAYA M.<\/h3>\n\n\n\n<p>PADRE,CRUZADO,CHILENO,FELIZ,SO\u00d1ADOR,VIAJERO, ALEGRE,AMIGO,DONANTE, SOBRE TODO CREO EN LOS SUE\u00d1OS IMPOSIBLES, INGENIERO &#8230;<\/p>\n\n\n\n<hr class=\"wp-block-separator is-style-wide\"\/>\n\n\n\n<p>CONSTRUYENDO PUENTES PARA UNA GLOBALIDAD<\/p>\n\n\n\n<hr class=\"wp-block-separator is-style-wide\"\/>\n\n\n\n<p>#CHILE #ANDES # LATINOAMERICA #AMERICAS #GLOBAL&nbsp;<br><\/p>\n\n\n\n<p>Como Ingeniero inform\u00e1tico y Global MBA se destaca mi experiencia en el Sector P\u00fablico y el \u00e1mbito privado tanto en Chile como Globalmente.<\/p>\n\n\n\n<p><br>En el \u00e1mbito privado se destaca mi habilidad en diferentes rubros como Banco, Hospital, Multinacionales y otros, cabe destacar mi experiencia como Country (SPOC) Global Accounts para una importante Multinacional de la India y Client Principal Regi\u00f3n Andes, agilizando la transformaci\u00f3n digital , pero sobre todo apoyando en el camino de lo \u201cTradicional a lo Digital\u201d\u200b en Latinoam\u00e9rica.<\/p>\n\n\n\n<p><br>En el sector p\u00fablico me desarrolle como consultor individual para el Banco Mundial y el Ministerio de Econom\u00eda en el proyecto &#8220;Innovaci\u00f3n para la Competitividad&#8221; donde cumpl\u00ed funciones como Jefe de proyecto de diferentes iniciativas , adem\u00e1s como Consultor del PNUD (Programa Desarrollo Naciones Unidas).<\/p>\n\n\n\n<div class=\"wp-block-image\"><figure class=\"aligncenter size-large\"><a href=\"https:\/\/www.linkedin.com\/in\/arayasergio\/\"><img loading=\"lazy\" decoding=\"async\" width=\"318\" height=\"420\" src=\"http:\/\/sergioaraya.samtecno.cl\/wp-content\/uploads\/2021\/05\/SergioAraya-1.png\" alt=\"\" class=\"wp-image-192\" srcset=\"https:\/\/sergioaraya.cl\/wp-content\/uploads\/2021\/05\/SergioAraya-1.png 318w, https:\/\/sergioaraya.cl\/wp-content\/uploads\/2021\/05\/SergioAraya-1-227x300.png 227w, https:\/\/sergioaraya.cl\/wp-content\/uploads\/2021\/05\/SergioAraya-1-204x270.png 204w\" sizes=\"auto, (max-width: 318px) 100vw, 318px\" \/><\/a><\/figure><\/div>\n","protected":false},"excerpt":{"rendered":"<p>SERGIO ARAYA M. PADRE,CRUZADO,CHILENO,FELIZ,SO\u00d1ADOR,VIAJERO, ALEGRE,AMIGO,DONANTE, SOBRE TODO CREO EN LOS SUE\u00d1OS IMPOSIBLES, INGENIERO &#8230; CONSTRUYENDO PUENTES PARA UNA GLOBALIDAD #CHILE #ANDES # LATINOAMERICA #AMERICAS #GLOBAL&nbsp; Como Ingeniero inform\u00e1tico y Global MBA se destaca mi experiencia en el Sector P\u00fablico y el \u00e1mbito privado tanto en Chile como Globalmente. En el \u00e1mbito privado se destaca mi habilidad en diferentes rubros como Banco, Hospital, Multinacionales y otros, cabe destacar mi experiencia como Country (SPOC) Global Accounts para una importante Multinacional de la&#8230;<\/p>\n<p class=\"read-more\"><a class=\"btn btn-default\" href=\"https:\/\/sergioaraya.cl\/index.php\/acerca-de\/\"> Leer m\u00e1s<span class=\"screen-reader-text\">  Leer m\u00e1s<\/span><\/a><\/p>\n","protected":false},"author":1,"featured_media":0,"parent":0,"menu_order":0,"comment_status":"closed","ping_status":"closed","template":"","meta":{"footnotes":""},"class_list":["post-36","page","type-page","status-publish","hentry"],"_links":{"self":[{"href":"https:\/\/sergioaraya.cl\/index.php\/wp-json\/wp\/v2\/pages\/36","targetHints":{"allow":["GET"]}}],"collection":[{"href":"https:\/\/sergioaraya.cl\/index.php\/wp-json\/wp\/v2\/pages"}],"about":[{"href":"https:\/\/sergioaraya.cl\/index.php\/wp-json\/wp\/v2\/types\/page"}],"author":[{"embeddable":true,"href":"https:\/\/sergioaraya.cl\/index.php\/wp-json\/wp\/v2\/users\/1"}],"replies":[{"embeddable":true,"href":"https:\/\/sergioaraya.cl\/index.php\/wp-json\/wp\/v2\/comments?post=36"}],"version-history":[{"count":9,"href":"https:\/\/sergioaraya.cl\/index.php\/wp-json\/wp\/v2\/pages\/36\/revisions"}],"predecessor-version":[{"id":194,"href":"https:\/\/sergioaraya.cl\/index.php\/wp-json\/wp\/v2\/pages\/36\/revisions\/194"}],"wp:attachment":[{"href":"https:\/\/sergioaraya.cl\/index.php\/wp-json\/wp\/v2\/media?parent=36"}],"curies":[{"name":"wp","href":"https:\/\/api.w.org\/{rel}","templated":true}]}}