{"id":278,"date":"2021-05-31T20:28:29","date_gmt":"2021-05-31T20:28:29","guid":{"rendered":"http:\/\/sergioaraya.samtecno.cl\/?page_id=278"},"modified":"2024-12-03T13:09:07","modified_gmt":"2024-12-03T13:09:07","slug":"blog-sergioaraya-cl","status":"publish","type":"page","link":"https:\/\/sergioaraya.cl\/index.php\/blog-sergioaraya-cl\/","title":{"rendered":"Blog SergioAraya.cl"},"content":{"rendered":"\n<p><\/p>\n\n\n\n<div class=\"wp-block-query alignfull is-layout-flow wp-block-query-is-layout-flow\">\n<div class=\"wp-block-group alignfull\" style=\"padding-top:0;padding-right:0;padding-bottom:0;padding-left:0\"><div class=\"wp-block-group__inner-container is-layout-flow wp-block-group-is-layout-flow\"><ul style=\"text-transform:none;\" class=\"wp-block-post-template is-layout-flow wp-block-post-template-is-layout-flow\"><li class=\"wp-block-post post-434 post type-post status-publish format-standard has-post-thumbnail hentry category-all\">\n\n<div class=\"wp-block-group\" style=\"border-bottom-color:var(--wp--preset--color--contrast);border-bottom-width:1px\"><div class=\"wp-block-group__inner-container is-layout-flow wp-block-group-is-layout-flow\">\n<div class=\"wp-block-group is-content-justification-space-between is-nowrap is-layout-flex wp-container-core-group-is-layout-55e093fa wp-block-group-is-layout-flex\" style=\"padding-top:16px;padding-right:16px;padding-bottom:16px;padding-left:16px\">\n<div class=\"wp-block-group is-nowrap is-layout-flex wp-container-core-group-is-layout-236abb9a wp-block-group-is-layout-flex\">\n<p>\u2734\ufe0e<\/p>\n\n\n<div style=\"text-transform:uppercase; margin-top:0;margin-right:0;margin-bottom:0;margin-left:0;\" class=\"has-text-align-left has-link-color wp-elements-4003f76eccbf507a9e3d7e84a42ea154 wp-block-post-date has-text-color has-contrast-color has-small-font-size\"><time datetime=\"2026-01-15T12:50:35+00:00\">Ene 15, 2026<\/time><\/div><\/div>\n\n\n<div style=\"text-transform:uppercase\" class=\"taxonomy-category has-link-color wp-elements-d846021732facad792835971f80af878 wp-block-post-terms has-text-color has-contrast-color\"><span class=\"wp-block-post-terms__prefix\">\u2734\ufe0e <\/span><a href=\"https:\/\/sergioaraya.cl\/index.php\/category\/all\/\" rel=\"tag\">Todo<\/a><\/div><\/div>\n<\/div><\/div>\n\n\n\n<div class=\"wp-block-group is-vertical is-layout-flex wp-container-core-group-is-layout-1134e2f3 wp-block-group-is-layout-flex\" style=\"padding-top:16px;padding-right:16px;padding-bottom:var(--wp--preset--spacing--70);padding-left:16px\"><h2 style=\"font-size:5.2rem;font-style:normal;font-weight:500;line-height:1.1;text-transform:uppercase; margin-top:0;margin-right:0;margin-bottom:0;margin-left:0;\" class=\"has-link-color wp-elements-eba6f7f6e0a9160611aa886fe4e31449 wp-block-post-title has-text-color has-contrast-color\"><a href=\"https:\/\/sergioaraya.cl\/index.php\/2026\/01\/15\/la-transformacion-digital-en-el-estado-cuando-la-tecnologia-avanza-mas-rapido-que-la-cultura\/\" target=\"_self\" >La transformaci\u00f3n digital en el Estado: cuando la tecnolog\u00eda avanza m\u00e1s r\u00e1pido que la cultura<\/a><\/h2><\/div>\n\n<\/li><li class=\"wp-block-post post-431 post type-post status-publish format-standard hentry category-all\">\n\n<div class=\"wp-block-group\" style=\"border-bottom-color:var(--wp--preset--color--contrast);border-bottom-width:1px\"><div class=\"wp-block-group__inner-container is-layout-flow wp-block-group-is-layout-flow\">\n<div class=\"wp-block-group is-content-justification-space-between is-nowrap is-layout-flex wp-container-core-group-is-layout-55e093fa wp-block-group-is-layout-flex\" style=\"padding-top:16px;padding-right:16px;padding-bottom:16px;padding-left:16px\">\n<div class=\"wp-block-group is-nowrap is-layout-flex wp-container-core-group-is-layout-236abb9a wp-block-group-is-layout-flex\">\n<p>\u2734\ufe0e<\/p>\n\n\n<div style=\"text-transform:uppercase; margin-top:0;margin-right:0;margin-bottom:0;margin-left:0;\" class=\"has-text-align-left has-link-color wp-elements-4003f76eccbf507a9e3d7e84a42ea154 wp-block-post-date has-text-color has-contrast-color has-small-font-size\"><time datetime=\"2025-04-10T15:51:07+00:00\">Abr 10, 2025<\/time><\/div><\/div>\n\n\n<div style=\"text-transform:uppercase\" class=\"taxonomy-category has-link-color wp-elements-d846021732facad792835971f80af878 wp-block-post-terms has-text-color has-contrast-color\"><span class=\"wp-block-post-terms__prefix\">\u2734\ufe0e <\/span><a href=\"https:\/\/sergioaraya.cl\/index.php\/category\/all\/\" rel=\"tag\">Todo<\/a><\/div><\/div>\n<\/div><\/div>\n\n\n\n<div class=\"wp-block-group is-vertical is-layout-flex wp-container-core-group-is-layout-1134e2f3 wp-block-group-is-layout-flex\" style=\"padding-top:16px;padding-right:16px;padding-bottom:var(--wp--preset--spacing--70);padding-left:16px\"><h2 style=\"font-size:5.2rem;font-style:normal;font-weight:500;line-height:1.1;text-transform:uppercase; margin-top:0;margin-right:0;margin-bottom:0;margin-left:0;\" class=\"has-link-color wp-elements-eba6f7f6e0a9160611aa886fe4e31449 wp-block-post-title has-text-color has-contrast-color\"><a href=\"https:\/\/sergioaraya.cl\/index.php\/2025\/04\/10\/aprender-de-los-errores-la-clave-de-la-innovacion-espacial-y-la-transformacion-digital\/\" target=\"_self\" >Aprender de los Errores: La Clave de la Innovaci\u00f3n Espacial y la Transformaci\u00f3n Digital<\/a><\/h2><\/div>\n\n<\/li><li class=\"wp-block-post post-423 post type-post status-publish format-standard has-post-thumbnail hentry category-all\">\n\n<div class=\"wp-block-group\" style=\"border-bottom-color:var(--wp--preset--color--contrast);border-bottom-width:1px\"><div class=\"wp-block-group__inner-container is-layout-flow wp-block-group-is-layout-flow\">\n<div class=\"wp-block-group is-content-justification-space-between is-nowrap is-layout-flex wp-container-core-group-is-layout-55e093fa wp-block-group-is-layout-flex\" style=\"padding-top:16px;padding-right:16px;padding-bottom:16px;padding-left:16px\">\n<div class=\"wp-block-group is-nowrap is-layout-flex wp-container-core-group-is-layout-236abb9a wp-block-group-is-layout-flex\">\n<p>\u2734\ufe0e<\/p>\n\n\n<div style=\"text-transform:uppercase; margin-top:0;margin-right:0;margin-bottom:0;margin-left:0;\" class=\"has-text-align-left has-link-color wp-elements-4003f76eccbf507a9e3d7e84a42ea154 wp-block-post-date has-text-color has-contrast-color has-small-font-size\"><time datetime=\"2024-12-03T12:56:34+00:00\">Dic 3, 2024<\/time><\/div><\/div>\n\n\n<div style=\"text-transform:uppercase\" class=\"taxonomy-category has-link-color wp-elements-d846021732facad792835971f80af878 wp-block-post-terms has-text-color has-contrast-color\"><span class=\"wp-block-post-terms__prefix\">\u2734\ufe0e <\/span><a href=\"https:\/\/sergioaraya.cl\/index.php\/category\/all\/\" rel=\"tag\">Todo<\/a><\/div><\/div>\n<\/div><\/div>\n\n\n\n<div class=\"wp-block-group is-vertical is-layout-flex wp-container-core-group-is-layout-1134e2f3 wp-block-group-is-layout-flex\" style=\"padding-top:16px;padding-right:16px;padding-bottom:var(--wp--preset--spacing--70);padding-left:16px\"><h2 style=\"font-size:5.2rem;font-style:normal;font-weight:500;line-height:1.1;text-transform:uppercase; margin-top:0;margin-right:0;margin-bottom:0;margin-left:0;\" class=\"has-link-color wp-elements-eba6f7f6e0a9160611aa886fe4e31449 wp-block-post-title has-text-color has-contrast-color\"><a href=\"https:\/\/sergioaraya.cl\/index.php\/2024\/12\/03\/agile-no-esta-muerto-pero-lo-estan-matando-los-agilistas\/\" target=\"_self\" >Agile no est\u00e1 muerto, pero lo est\u00e1n matando los &#8220;Agilistas&#8221;<\/a><\/h2><\/div>\n\n<\/li><li class=\"wp-block-post post-416 post type-post status-publish format-standard hentry category-all\">\n\n<div class=\"wp-block-group\" style=\"border-bottom-color:var(--wp--preset--color--contrast);border-bottom-width:1px\"><div class=\"wp-block-group__inner-container is-layout-flow wp-block-group-is-layout-flow\">\n<div class=\"wp-block-group is-content-justification-space-between is-nowrap is-layout-flex wp-container-core-group-is-layout-55e093fa wp-block-group-is-layout-flex\" style=\"padding-top:16px;padding-right:16px;padding-bottom:16px;padding-left:16px\">\n<div class=\"wp-block-group is-nowrap is-layout-flex wp-container-core-group-is-layout-236abb9a wp-block-group-is-layout-flex\">\n<p>\u2734\ufe0e<\/p>\n\n\n<div style=\"text-transform:uppercase; margin-top:0;margin-right:0;margin-bottom:0;margin-left:0;\" class=\"has-text-align-left has-link-color wp-elements-4003f76eccbf507a9e3d7e84a42ea154 wp-block-post-date has-text-color has-contrast-color has-small-font-size\"><time datetime=\"2024-01-19T18:10:17+00:00\">Ene 19, 2024<\/time><\/div><\/div>\n\n\n<div style=\"text-transform:uppercase\" class=\"taxonomy-category has-link-color wp-elements-d846021732facad792835971f80af878 wp-block-post-terms has-text-color has-contrast-color\"><span class=\"wp-block-post-terms__prefix\">\u2734\ufe0e <\/span><a href=\"https:\/\/sergioaraya.cl\/index.php\/category\/all\/\" rel=\"tag\">Todo<\/a><\/div><\/div>\n<\/div><\/div>\n\n\n\n<div class=\"wp-block-group is-vertical is-layout-flex wp-container-core-group-is-layout-1134e2f3 wp-block-group-is-layout-flex\" style=\"padding-top:16px;padding-right:16px;padding-bottom:var(--wp--preset--spacing--70);padding-left:16px\"><h2 style=\"font-size:5.2rem;font-style:normal;font-weight:500;line-height:1.1;text-transform:uppercase; margin-top:0;margin-right:0;margin-bottom:0;margin-left:0;\" class=\"has-link-color wp-elements-eba6f7f6e0a9160611aa886fe4e31449 wp-block-post-title has-text-color has-contrast-color\"><a href=\"https:\/\/sergioaraya.cl\/index.php\/2024\/01\/19\/descifrando-las-siglas-cxos-en-el-mundo-empresaria\/\" target=\"_self\" >Descifrando las Siglas: CxOs en el Mundo Empresaria<\/a><\/h2><\/div>\n\n<\/li><li class=\"wp-block-post post-414 post type-post status-publish format-standard hentry category-all\">\n\n<div class=\"wp-block-group\" style=\"border-bottom-color:var(--wp--preset--color--contrast);border-bottom-width:1px\"><div class=\"wp-block-group__inner-container is-layout-flow wp-block-group-is-layout-flow\">\n<div class=\"wp-block-group is-content-justification-space-between is-nowrap is-layout-flex wp-container-core-group-is-layout-55e093fa wp-block-group-is-layout-flex\" style=\"padding-top:16px;padding-right:16px;padding-bottom:16px;padding-left:16px\">\n<div class=\"wp-block-group is-nowrap is-layout-flex wp-container-core-group-is-layout-236abb9a wp-block-group-is-layout-flex\">\n<p>\u2734\ufe0e<\/p>\n\n\n<div style=\"text-transform:uppercase; margin-top:0;margin-right:0;margin-bottom:0;margin-left:0;\" class=\"has-text-align-left has-link-color wp-elements-4003f76eccbf507a9e3d7e84a42ea154 wp-block-post-date has-text-color has-contrast-color has-small-font-size\"><time datetime=\"2024-01-19T18:09:29+00:00\">Ene 19, 2024<\/time><\/div><\/div>\n\n\n<div style=\"text-transform:uppercase\" class=\"taxonomy-category has-link-color wp-elements-d846021732facad792835971f80af878 wp-block-post-terms has-text-color has-contrast-color\"><span class=\"wp-block-post-terms__prefix\">\u2734\ufe0e <\/span><a href=\"https:\/\/sergioaraya.cl\/index.php\/category\/all\/\" rel=\"tag\">Todo<\/a><\/div><\/div>\n<\/div><\/div>\n\n\n\n<div class=\"wp-block-group is-vertical is-layout-flex wp-container-core-group-is-layout-1134e2f3 wp-block-group-is-layout-flex\" style=\"padding-top:16px;padding-right:16px;padding-bottom:var(--wp--preset--spacing--70);padding-left:16px\"><h2 style=\"font-size:5.2rem;font-style:normal;font-weight:500;line-height:1.1;text-transform:uppercase; margin-top:0;margin-right:0;margin-bottom:0;margin-left:0;\" class=\"has-link-color wp-elements-eba6f7f6e0a9160611aa886fe4e31449 wp-block-post-title has-text-color has-contrast-color\"><a href=\"https:\/\/sergioaraya.cl\/index.php\/2024\/01\/19\/desafios-y-desaciertos-en-la-modernizacion-hospitalaria-en-una-revolucion-digital-el-caso-del-hospital-claudio-vicuna-de-san-antonio\/\" target=\"_self\" >Desaf\u00edos y Desaciertos en la Modernizaci\u00f3n Hospitalaria en una revoluci\u00f3n digital : El Caso del Hospital Claudio Vicu\u00f1a de San Antonio<\/a><\/h2><\/div>\n\n<\/li><li class=\"wp-block-post post-412 post type-post status-publish format-standard hentry category-all\">\n\n<div class=\"wp-block-group\" style=\"border-bottom-color:var(--wp--preset--color--contrast);border-bottom-width:1px\"><div class=\"wp-block-group__inner-container is-layout-flow wp-block-group-is-layout-flow\">\n<div class=\"wp-block-group is-content-justification-space-between is-nowrap is-layout-flex wp-container-core-group-is-layout-55e093fa wp-block-group-is-layout-flex\" style=\"padding-top:16px;padding-right:16px;padding-bottom:16px;padding-left:16px\">\n<div class=\"wp-block-group is-nowrap is-layout-flex wp-container-core-group-is-layout-236abb9a wp-block-group-is-layout-flex\">\n<p>\u2734\ufe0e<\/p>\n\n\n<div style=\"text-transform:uppercase; margin-top:0;margin-right:0;margin-bottom:0;margin-left:0;\" class=\"has-text-align-left has-link-color wp-elements-4003f76eccbf507a9e3d7e84a42ea154 wp-block-post-date has-text-color has-contrast-color has-small-font-size\"><time datetime=\"2024-01-19T18:08:18+00:00\">Ene 19, 2024<\/time><\/div><\/div>\n\n\n<div style=\"text-transform:uppercase\" class=\"taxonomy-category has-link-color wp-elements-d846021732facad792835971f80af878 wp-block-post-terms has-text-color has-contrast-color\"><span class=\"wp-block-post-terms__prefix\">\u2734\ufe0e <\/span><a href=\"https:\/\/sergioaraya.cl\/index.php\/category\/all\/\" rel=\"tag\">Todo<\/a><\/div><\/div>\n<\/div><\/div>\n\n\n\n<div class=\"wp-block-group is-vertical is-layout-flex wp-container-core-group-is-layout-1134e2f3 wp-block-group-is-layout-flex\" style=\"padding-top:16px;padding-right:16px;padding-bottom:var(--wp--preset--spacing--70);padding-left:16px\"><h2 style=\"font-size:5.2rem;font-style:normal;font-weight:500;line-height:1.1;text-transform:uppercase; margin-top:0;margin-right:0;margin-bottom:0;margin-left:0;\" class=\"has-link-color wp-elements-eba6f7f6e0a9160611aa886fe4e31449 wp-block-post-title has-text-color has-contrast-color\"><a href=\"https:\/\/sergioaraya.cl\/index.php\/2024\/01\/19\/el-efecto-dunning-kruger-y-su-impacto-en-emprendedores-y-profesionales\/\" target=\"_self\" >El Efecto Dunning-Kruger y su Impacto en Emprendedores y Profesionales<\/a><\/h2><\/div>\n\n<\/li><li class=\"wp-block-post post-410 post type-post status-publish format-standard hentry category-all\">\n\n<div class=\"wp-block-group\" style=\"border-bottom-color:var(--wp--preset--color--contrast);border-bottom-width:1px\"><div class=\"wp-block-group__inner-container is-layout-flow wp-block-group-is-layout-flow\">\n<div class=\"wp-block-group is-content-justification-space-between is-nowrap is-layout-flex wp-container-core-group-is-layout-55e093fa wp-block-group-is-layout-flex\" style=\"padding-top:16px;padding-right:16px;padding-bottom:16px;padding-left:16px\">\n<div class=\"wp-block-group is-nowrap is-layout-flex wp-container-core-group-is-layout-236abb9a wp-block-group-is-layout-flex\">\n<p>\u2734\ufe0e<\/p>\n\n\n<div style=\"text-transform:uppercase; margin-top:0;margin-right:0;margin-bottom:0;margin-left:0;\" class=\"has-text-align-left has-link-color wp-elements-4003f76eccbf507a9e3d7e84a42ea154 wp-block-post-date has-text-color has-contrast-color has-small-font-size\"><time datetime=\"2024-01-19T18:06:44+00:00\">Ene 19, 2024<\/time><\/div><\/div>\n\n\n<div style=\"text-transform:uppercase\" class=\"taxonomy-category has-link-color wp-elements-d846021732facad792835971f80af878 wp-block-post-terms has-text-color has-contrast-color\"><span class=\"wp-block-post-terms__prefix\">\u2734\ufe0e <\/span><a href=\"https:\/\/sergioaraya.cl\/index.php\/category\/all\/\" rel=\"tag\">Todo<\/a><\/div><\/div>\n<\/div><\/div>\n\n\n\n<div class=\"wp-block-group is-vertical is-layout-flex wp-container-core-group-is-layout-1134e2f3 wp-block-group-is-layout-flex\" style=\"padding-top:16px;padding-right:16px;padding-bottom:var(--wp--preset--spacing--70);padding-left:16px\"><h2 style=\"font-size:5.2rem;font-style:normal;font-weight:500;line-height:1.1;text-transform:uppercase; margin-top:0;margin-right:0;margin-bottom:0;margin-left:0;\" class=\"has-link-color wp-elements-eba6f7f6e0a9160611aa886fe4e31449 wp-block-post-title has-text-color has-contrast-color\"><a href=\"https:\/\/sergioaraya.cl\/index.php\/2024\/01\/19\/navegando-en-el-mundo-vuca-adaptabilidad-en-la-era-de-la-incertidumbre\/\" target=\"_self\" >Navegando en el Mundo VUCA: Adaptabilidad en la Era de la Incertidumbre<\/a><\/h2><\/div>\n\n<\/li><\/ul><\/div><\/div>\n\n\n\n<div class=\"wp-block-group\" style=\"margin-top:0;margin-bottom:0;padding-top:var(--wp--preset--spacing--30);padding-right:16px;padding-bottom:var(--wp--preset--spacing--30);padding-left:16px\"><div class=\"wp-block-group__inner-container is-layout-flow wp-block-group-is-layout-flow\"><nav class=\"wp-block-query-pagination is-content-justification-left is-nowrap is-layout-flex wp-container-core-query-pagination-is-layout-f56a869c wp-block-query-pagination-is-layout-flex\" aria-label=\"Paginaci\u00f3n\">\n\n\n<a href=\"\/index.php\/wp-json\/wp\/v2\/pages\/278?query-31-page=2\" style=\"text-transform:uppercase;\" class=\"wp-block-query-pagination-next has-small-font-size\">Next<\/a>\n<\/nav><\/div><\/div>\n<\/div>\n","protected":false},"excerpt":{"rendered":"","protected":false},"author":1,"featured_media":0,"parent":0,"menu_order":0,"comment_status":"closed","ping_status":"closed","template":"","meta":{"footnotes":""},"class_list":["post-278","page","type-page","status-publish","hentry"],"_links":{"self":[{"href":"https:\/\/sergioaraya.cl\/index.php\/wp-json\/wp\/v2\/pages\/278","targetHints":{"allow":["GET"]}}],"collection":[{"href":"https:\/\/sergioaraya.cl\/index.php\/wp-json\/wp\/v2\/pages"}],"about":[{"href":"https:\/\/sergioaraya.cl\/index.php\/wp-json\/wp\/v2\/types\/page"}],"author":[{"embeddable":true,"href":"https:\/\/sergioaraya.cl\/index.php\/wp-json\/wp\/v2\/users\/1"}],"replies":[{"embeddable":true,"href":"https:\/\/sergioaraya.cl\/index.php\/wp-json\/wp\/v2\/comments?post=278"}],"version-history":[{"count":4,"href":"https:\/\/sergioaraya.cl\/index.php\/wp-json\/wp\/v2\/pages\/278\/revisions"}],"predecessor-version":[{"id":429,"href":"https:\/\/sergioaraya.cl\/index.php\/wp-json\/wp\/v2\/pages\/278\/revisions\/429"}],"wp:attachment":[{"href":"https:\/\/sergioaraya.cl\/index.php\/wp-json\/wp\/v2\/media?parent=278"}],"curies":[{"name":"wp","href":"https:\/\/api.w.org\/{rel}","templated":true}]}}